{"id":4420,"date":"2019-02-22T15:51:23","date_gmt":"2019-02-22T15:51:23","guid":{"rendered":"https:\/\/firstlight.energy\/homepage\/"},"modified":"2026-04-05T05:03:42","modified_gmt":"2026-04-05T05:03:42","slug":"homepage","status":"publish","type":"page","link":"https:\/\/firstlight.energy\/fr_ca\/","title":{"rendered":"\u00c9nergie renouvelable. Chemin d\u00e9gag\u00e9. Objectif commun."},"content":{"rendered":"\n<div style=\"height:112px\" aria-hidden=\"true\" class=\"wp-block-spacer\"><\/div>\n\n<div class=\"wp-block-columns alignwide is-layout-flex wp-container-core-columns-is-layout-9d6595d7 wp-block-columns-is-layout-flex\">\n<div class=\"wp-block-column is-layout-flow wp-block-column-is-layout-flow\" style=\"flex-basis:45%\"><div\n  data-block_69a4fe744d3341ccfa17b18038eb8521\n  class=\"card aligncenter\"\n>\n      <img loading=\"lazy\" decoding=\"async\" width=\"1024\" height=\"768\" src=\"https:\/\/firstlight.energy\/wp-content\/uploads\/2025\/01\/IMG_3513-1024x768.jpeg\" class=\"not-prose block w-full rounded-xl mb-5\" alt=\"\" srcset=\"https:\/\/firstlight.energy\/wp-content\/uploads\/2025\/01\/IMG_3513-1024x768.jpeg 1024w, https:\/\/firstlight.energy\/wp-content\/uploads\/2025\/01\/IMG_3513-300x225.jpeg 300w, https:\/\/firstlight.energy\/wp-content\/uploads\/2025\/01\/IMG_3513-768x576.jpeg 768w, https:\/\/firstlight.energy\/wp-content\/uploads\/2025\/01\/IMG_3513-1536x1152.jpeg 1536w, https:\/\/firstlight.energy\/wp-content\/uploads\/2025\/01\/IMG_3513-2048x1536.jpeg 2048w\" sizes=\"auto, (max-width: 1024px) 100vw, 1024px\" \/>\n        <h3 class=\"not-prose font-bold mb-5 font-heading text-2xl xl:text-4xl\">FirstLight est l&#039;entreprise d&#039;\u00e9nergie propre de l&#039;ann\u00e9e de l&#039;Alliance pour la transition climatique<\/h3>\n    <div>\n<div>FirstLight a \u00e9t\u00e9 honor\u00e9e en tant qu&#039;entreprise d&#039;\u00e9nergie propre de l&#039;ann\u00e9e par l&#039;Alliance pour la transition climatique lors du Green Future Gala.<\/div>\n<\/div>\n\n      <footer class=\"not-prose mt-5 flex justify-start items-center\">\n      <a class=\"button button-black\" href=\"https:\/\/firstlight.energy\/news\/\" target=\"\">R\u00e9daction<\/a>\n    <\/footer>\n  <\/div>\n\n\n\n<div style=\"height:112px\" aria-hidden=\"true\" class=\"wp-block-spacer\"><\/div>\n<\/div>\n\n\n\n<div class=\"wp-block-column is-layout-flow wp-block-column-is-layout-flow\" style=\"flex-basis:55%\"><div\n  data-block_653f43d71cc3514bc3308099e84dc94f\n  class=\"card aligncenter\"\n>\n      <img loading=\"lazy\" decoding=\"async\" width=\"1024\" height=\"704\" src=\"https:\/\/firstlight.energy\/wp-content\/uploads\/2025\/04\/20181221_DOK-5-1024x704.jpg\" class=\"not-prose block w-full rounded-xl mb-5\" alt=\"\" srcset=\"https:\/\/firstlight.energy\/wp-content\/uploads\/2025\/04\/20181221_DOK-5-1024x704.jpg 1024w, https:\/\/firstlight.energy\/wp-content\/uploads\/2025\/04\/20181221_DOK-5-300x206.jpg 300w, https:\/\/firstlight.energy\/wp-content\/uploads\/2025\/04\/20181221_DOK-5-768x528.jpg 768w, https:\/\/firstlight.energy\/wp-content\/uploads\/2025\/04\/20181221_DOK-5-1536x1057.jpg 1536w, https:\/\/firstlight.energy\/wp-content\/uploads\/2025\/04\/20181221_DOK-5-2048x1409.jpg 2048w\" sizes=\"auto, (max-width: 1024px) 100vw, 1024px\" \/>\n        <h3 class=\"not-prose font-bold mb-5 font-heading text-2xl xl:text-4xl\">C\u00e9l\u00e9bration de 10 ans de partenariat avec la Premi\u00e8re Nation Dokis<\/h3>\n    <p>Le projet hydro\u00e9lectrique Okikendawt \u00e0 Dokis, en Ontario, c\u00e9l\u00e8bre ses 10 ans d\u2019exploitation cet \u00e9t\u00e9. <a id=\"OWA402de17f-ef15-e7bc-e1ba-979885e462a8\" class=\"x_OWAAutoLink\" title=\"https:\/\/www.youtube.com\/watch?v=yhvY2700N5w\" href=\"https:\/\/www.youtube.com\/watch?v=yhvY2700N5w\" data-auth=\"NotApplicable\" data-linkindex=\"2\">Apprendre encore plus<\/a>.<\/p>\n\n      <footer class=\"not-prose mt-5 flex justify-start items-center\">\n      <a class=\"button button-black\" href=\"https:\/\/firstlight.energy\/energy\/\" target=\"\">\u00c9nergie<\/a>\n    <\/footer>\n  <\/div>\n<\/div>\n<\/div>\n<div\n  data-block_01dcb0c4269d582b40960a24a94feec6\n  class=\"video-carousel alignfull my-8 lg:my-20 2xl:my-28 not-prose bg-black text-white prose-white\"\n>\n      <div class=\"swiper swiper-video-carousel\">\n      <div class=\"swiper-wrapper\">\n                   <figure class=\"swiper-slide h-auto flex justify-center items-center\">\n            <div class=\"container px-5 mx-auto py-8 lg:py-20 lg:flex lg:items-center\">\n                              <iframe class=\"aspect-video w-full mb-8 lg:my-auto lg:w-2\/3\" src=\"https:\/\/www.youtube.com\/embed\/ZXo66rawpHQ?si=7g1fiPUW_4G0V3b0\" frameborder=\"0\" allow=\"autoplay; fullscreen; picture-in-picture\" allowfullscreen><\/iframe>\n                            <div class=\"w-full lg:w-1\/3 lg:pl-10 2xl:pl-20\">\n                                  <h3 class=\"font-heading font-bold mb-5 text-2xl xl:text-4xl\">\n                    Les \u00e9normes et \u00e9tranges batteries du futur\n                  <\/h3>\n                                                  <p class=\"mb-8\">\n                    Bloomberg Quicktake explore le vaste potentiel de notre installation de stockage d&rsquo;\u00e9nergie hydro\u00e9lectrique pomp\u00e9e de Northfield Mountain pour soutenir la transition vers une \u00e9conomie d&rsquo;\u00e9nergie propre.\n                  <\/p>\n                                                  <a class=\"button button-white\" href=\"https:\/\/firstlight.energy\/energy\/\" target=\"\">\u00c9nergie<\/a>\n                              <\/div>\n            <\/div>\n          <\/figure>\n                   <figure class=\"swiper-slide h-auto flex justify-center items-center\">\n            <div class=\"container px-5 mx-auto py-8 lg:py-20 lg:flex lg:items-center\">\n                              <iframe class=\"aspect-video w-full mb-8 lg:my-auto lg:w-2\/3\" src=\"https:\/\/www.youtube.com\/embed\/_oqatzagdBQ?si=lJkpQ-dCE5Oav96M\" frameborder=\"0\" allow=\"autoplay; fullscreen; picture-in-picture\" allowfullscreen><\/iframe>\n                            <div class=\"w-full lg:w-1\/3 lg:pl-10 2xl:pl-20\">\n                                  <h3 class=\"font-heading font-bold mb-5 text-2xl xl:text-4xl\">\n                    Un nombre record d&rsquo;aigles visitent l&rsquo;observatoire des pygargues \u00e0 t\u00eate blanche de Shepaug\n                  <\/h3>\n                                                  <p class=\"mb-8\">\n                    L&rsquo;ann\u00e9e 2023 a vu un nombre record d&rsquo;aigles se rendre \u00e0 l&rsquo;observatoire des aigles de Shepaug. \u00c0 l\u2019approche de la saison 2024, nous esp\u00e9rons poursuivre sur cette lanc\u00e9e. \n                  <\/p>\n                                                  <a class=\"button button-white\" href=\"https:\/\/firstlight.energy\/stewardship\" target=\"\">Intendance<\/a>\n                              <\/div>\n            <\/div>\n          <\/figure>\n                   <figure class=\"swiper-slide h-auto flex justify-center items-center\">\n            <div class=\"container px-5 mx-auto py-8 lg:py-20 lg:flex lg:items-center\">\n                              <iframe class=\"aspect-video w-full mb-8 lg:my-auto lg:w-2\/3\" src=\"https:\/\/www.youtube.com\/embed\/_041B-orLys?si=PB3IVf6SbK0Zer_f\" frameborder=\"0\" allow=\"autoplay; fullscreen; picture-in-picture\" allowfullscreen><\/iframe>\n                            <div class=\"w-full lg:w-1\/3 lg:pl-10 2xl:pl-20\">\n                                  <h3 class=\"font-heading font-bold mb-5 text-2xl xl:text-4xl\">\n                    FirstLight dans la communaut\u00e9\n                  <\/h3>\n                                                  <p class=\"mb-8\">\n                    Nous sommes particuli\u00e8rement fiers de notre engagement envers les communaut\u00e9s qui nous accueillent, qu&rsquo;il s&rsquo;agisse de la gestion de plus de 5 600 hectares de terres et de centaines de kilom\u00e8tres de littoral, ou de la mise en place d&rsquo;activit\u00e9s r\u00e9cr\u00e9atives, entre autres. \n                  <\/p>\n                                                  <a class=\"button button-white\" href=\"https:\/\/firstlight.energy\/purpose\" target=\"\">But<\/a>\n                              <\/div>\n            <\/div>\n          <\/figure>\n              <\/div>\n      <div class=\"swiper-pagination\"><\/div>\n    <\/div>\n  <\/div>\n\n<div class=\"wp-block-columns alignwide is-layout-flex wp-container-core-columns-is-layout-9d6595d7 wp-block-columns-is-layout-flex\">\n<div class=\"wp-block-column is-layout-flow wp-block-column-is-layout-flow\" style=\"flex-basis:55%\"><div\n  data-block_9cb0cc3183d074648bfcaee0b681e98a\n  class=\"card aligncenter\"\n>\n      <img loading=\"lazy\" decoding=\"async\" width=\"1024\" height=\"745\" src=\"https:\/\/firstlight.energy\/wp-content\/uploads\/2025\/01\/Northfield-Mountain-50th-BPelton-031-sf-1024x745.jpg\" class=\"not-prose block w-full rounded-xl mb-5\" alt=\"\" srcset=\"https:\/\/firstlight.energy\/wp-content\/uploads\/2025\/01\/Northfield-Mountain-50th-BPelton-031-sf-1024x745.jpg 1024w, https:\/\/firstlight.energy\/wp-content\/uploads\/2025\/01\/Northfield-Mountain-50th-BPelton-031-sf-300x218.jpg 300w, https:\/\/firstlight.energy\/wp-content\/uploads\/2025\/01\/Northfield-Mountain-50th-BPelton-031-sf-768x559.jpg 768w, https:\/\/firstlight.energy\/wp-content\/uploads\/2025\/01\/Northfield-Mountain-50th-BPelton-031-sf-1536x1117.jpg 1536w, https:\/\/firstlight.energy\/wp-content\/uploads\/2025\/01\/Northfield-Mountain-50th-BPelton-031-sf-2048x1490.jpg 2048w\" sizes=\"auto, (max-width: 1024px) 100vw, 1024px\" \/>\n        <h3 class=\"not-prose font-bold mb-5 font-heading text-2xl xl:text-4xl\">Conduisez la transition \u00e9nerg\u00e9tique avec nous<\/h3>\n    <p>Nous sommes ing\u00e9nieurs, m\u00e9caniciens, \u00e9lectriciens, communicateurs, strat\u00e8ges, d\u00e9veloppeurs et bien plus encore. <a href=\"https:\/\/firstlight.energy\/fr_ca\/purpose\/careers\/\">Rejoignez l&#039;\u00e9quipe FirstLight.<\/a><\/p>\n\n      <footer class=\"not-prose mt-5 flex justify-start items-center\">\n      <a class=\"button button-black\" href=\"https:\/\/firstlight.energy\/purpose\/\" target=\"\">But<\/a>\n    <\/footer>\n  <\/div>\n\n\n\n<div style=\"height:112px\" aria-hidden=\"true\" class=\"wp-block-spacer\"><\/div>\n<\/div>\n\n\n\n<div class=\"wp-block-column is-layout-flow wp-block-column-is-layout-flow\" style=\"flex-basis:45%\"><div\n  data-block_0cf9325c0f2e417470728988909908c9\n  class=\"quote aligncenter not-prose\"\n>\n        <h3 class=\"font-bold mb-5 font-heading text-3xl xl:mb-10 xl:text-5xl\">\u00ab Je suis motiv\u00e9 par le potentiel colossal de nos actifs op\u00e9rationnels, de notre portefeuille de d\u00e9veloppement et de notre \u00e9quipe de premier ordre pour saisir l&#039;opportunit\u00e9 extraordinaire qui nous attend : la transition \u00e9nerg\u00e9tique. \u00bb<\/h3>\n        <h4 class=\"font-bold font-heading text-lg xl:text-2xl\">Justin Trudell<\/h4>\n        <h5 class=\"text-lg xl:text-2xl\">Pr\u00e9sident et chef de la direction, FirstLight Power<\/h5>\n        <footer class=\"mt-5 flex justify-start items-center\">\n      <a class=\"button button-black\" href=\"https:\/\/firstlight.energy\/energy\/\" target=\"\">\u00c9nergie<\/a>\n    <\/footer>\n  <\/div>\n\n\n\n<div style=\"height:112px\" aria-hidden=\"true\" class=\"wp-block-spacer\"><\/div>\n<\/div>\n<\/div>\n<div\n  data-block_185e0e1765fe84bb31d9f6fa1b3c9746\n  class=\"card aligncenter\"\n>\n      <img loading=\"lazy\" decoding=\"async\" width=\"1024\" height=\"674\" src=\"https:\/\/firstlight.energy\/wp-content\/uploads\/2023\/10\/home-5-1024x674.jpg\" class=\"not-prose block w-full rounded-xl mb-5\" alt=\"\" srcset=\"https:\/\/firstlight.energy\/wp-content\/uploads\/2023\/10\/home-5-1024x674.jpg 1024w, https:\/\/firstlight.energy\/wp-content\/uploads\/2023\/10\/home-5-300x197.jpg 300w, https:\/\/firstlight.energy\/wp-content\/uploads\/2023\/10\/home-5-768x505.jpg 768w, https:\/\/firstlight.energy\/wp-content\/uploads\/2023\/10\/home-5-1536x1011.jpg 1536w, https:\/\/firstlight.energy\/wp-content\/uploads\/2023\/10\/home-5-2048x1348.jpg 2048w\" sizes=\"auto, (max-width: 1024px) 100vw, 1024px\" \/>\n        <h3 class=\"not-prose font-bold mb-5 font-heading text-2xl xl:text-4xl\">Profitez de la randonn\u00e9e, du v\u00e9lo, du ski, du camping et bien plus encore dans les zones de loisirs FirstLight<\/h3>\n    <p><a href=\"https:\/\/firstlight.energy\/stewardship\/#recreation\">D\u00e9couvrez nos espaces de loisirs ici<\/a><\/p>\n\n      <footer class=\"not-prose mt-5 flex justify-start items-center\">\n      <a class=\"button button-black\" href=\"https:\/\/firstlight.energy\/stewardship\/\" target=\"\">Intendance<\/a>\n    <\/footer>\n  <\/div>\n","protected":false},"excerpt":{"rendered":"","protected":false},"author":1,"featured_media":0,"parent":0,"menu_order":0,"comment_status":"closed","ping_status":"closed","template":"","meta":{"_acf_changed":false,"footnotes":""},"class_list":["post-4420","page","type-page","status-publish","hentry"],"acf":[],"yoast_head":"<!-- This site is optimized with the Yoast SEO plugin v27.5 - https:\/\/yoast.com\/product\/yoast-seo-wordpress\/ -->\n<title>\u00c9nergie renouvelable. Chemin d\u00e9gag\u00e9. Objectif commun. - FirstLight<\/title>\n<meta name=\"robots\" content=\"index, follow, max-snippet:-1, max-image-preview:large, max-video-preview:-1\" \/>\n<link rel=\"canonical\" href=\"https:\/\/firstlight.energy\/fr_ca\/\" \/>\n<meta property=\"og:locale\" content=\"fr_CA\" \/>\n<meta property=\"og:type\" content=\"article\" \/>\n<meta property=\"og:title\" content=\"\u00c9nergie renouvelable. Chemin d\u00e9gag\u00e9. Objectif commun. - FirstLight\" \/>\n<meta property=\"og:url\" content=\"https:\/\/firstlight.energy\/fr_ca\/\" \/>\n<meta property=\"og:site_name\" content=\"FirstLight\" \/>\n<meta property=\"article:modified_time\" content=\"2026-04-05T05:03:42+00:00\" \/>\n<meta name=\"twitter:card\" content=\"summary_large_image\" \/>\n<script type=\"application\/ld+json\" class=\"yoast-schema-graph\">{\"@context\":\"https:\\\/\\\/schema.org\",\"@graph\":[{\"@type\":\"WebPage\",\"@id\":\"https:\\\/\\\/firstlight.energy\\\/fr_ca\\\/\",\"url\":\"https:\\\/\\\/firstlight.energy\\\/fr_ca\\\/\",\"name\":\"\u00c9nergie renouvelable. Chemin d\u00e9gag\u00e9. Objectif commun. - FirstLight\",\"isPartOf\":{\"@id\":\"https:\\\/\\\/firstlight.energy\\\/fr_ca\\\/#website\"},\"datePublished\":\"2019-02-22T15:51:23+00:00\",\"dateModified\":\"2026-04-05T05:03:42+00:00\",\"breadcrumb\":{\"@id\":\"https:\\\/\\\/firstlight.energy\\\/fr_ca\\\/#breadcrumb\"},\"inLanguage\":\"fr-CA\",\"potentialAction\":[{\"@type\":\"ReadAction\",\"target\":[\"https:\\\/\\\/firstlight.energy\\\/fr_ca\\\/\"]}]},{\"@type\":\"BreadcrumbList\",\"@id\":\"https:\\\/\\\/firstlight.energy\\\/fr_ca\\\/#breadcrumb\",\"itemListElement\":[{\"@type\":\"ListItem\",\"position\":1,\"name\":\"Home\",\"item\":\"https:\\\/\\\/firstlight.energy\\\/fr_ca\\\/\"},{\"@type\":\"ListItem\",\"position\":2,\"name\":\"\u00c9nergie renouvelable. Chemin d\u00e9gag\u00e9. Objectif commun.\"}]},{\"@type\":\"WebSite\",\"@id\":\"https:\\\/\\\/firstlight.energy\\\/fr_ca\\\/#website\",\"url\":\"https:\\\/\\\/firstlight.energy\\\/fr_ca\\\/\",\"name\":\"FirstLight\",\"description\":\"\",\"publisher\":{\"@id\":\"https:\\\/\\\/firstlight.energy\\\/fr_ca\\\/#organization\"},\"potentialAction\":[{\"@type\":\"SearchAction\",\"target\":{\"@type\":\"EntryPoint\",\"urlTemplate\":\"https:\\\/\\\/firstlight.energy\\\/fr_ca\\\/?s={search_term_string}\"},\"query-input\":{\"@type\":\"PropertyValueSpecification\",\"valueRequired\":true,\"valueName\":\"search_term_string\"}}],\"inLanguage\":\"fr-CA\"},{\"@type\":\"Organization\",\"@id\":\"https:\\\/\\\/firstlight.energy\\\/fr_ca\\\/#organization\",\"name\":\"FirstLight\",\"url\":\"https:\\\/\\\/firstlight.energy\\\/fr_ca\\\/\",\"logo\":{\"@type\":\"ImageObject\",\"inLanguage\":\"fr-CA\",\"@id\":\"https:\\\/\\\/firstlight.energy\\\/fr_ca\\\/#\\\/schema\\\/logo\\\/image\\\/\",\"url\":\"https:\\\/\\\/firstlight.energy\\\/wp-content\\\/uploads\\\/2019\\\/04\\\/cropped-FirstLight-Logo-5Mar2019-Blue-1.png\",\"contentUrl\":\"https:\\\/\\\/firstlight.energy\\\/wp-content\\\/uploads\\\/2019\\\/04\\\/cropped-FirstLight-Logo-5Mar2019-Blue-1.png\",\"width\":336,\"height\":81,\"caption\":\"FirstLight\"},\"image\":{\"@id\":\"https:\\\/\\\/firstlight.energy\\\/fr_ca\\\/#\\\/schema\\\/logo\\\/image\\\/\"}}]}<\/script>\n<!-- \/ Yoast SEO plugin. -->","yoast_head_json":{"title":"\u00c9nergie renouvelable. Chemin d\u00e9gag\u00e9. Objectif commun. - FirstLight","robots":{"index":"index","follow":"follow","max-snippet":"max-snippet:-1","max-image-preview":"max-image-preview:large","max-video-preview":"max-video-preview:-1"},"canonical":"https:\/\/firstlight.energy\/fr_ca\/","og_locale":"fr_CA","og_type":"article","og_title":"\u00c9nergie renouvelable. Chemin d\u00e9gag\u00e9. Objectif commun. - FirstLight","og_url":"https:\/\/firstlight.energy\/fr_ca\/","og_site_name":"FirstLight","article_modified_time":"2026-04-05T05:03:42+00:00","twitter_card":"summary_large_image","schema":{"@context":"https:\/\/schema.org","@graph":[{"@type":"WebPage","@id":"https:\/\/firstlight.energy\/fr_ca\/","url":"https:\/\/firstlight.energy\/fr_ca\/","name":"\u00c9nergie renouvelable. Chemin d\u00e9gag\u00e9. Objectif commun. - FirstLight","isPartOf":{"@id":"https:\/\/firstlight.energy\/fr_ca\/#website"},"datePublished":"2019-02-22T15:51:23+00:00","dateModified":"2026-04-05T05:03:42+00:00","breadcrumb":{"@id":"https:\/\/firstlight.energy\/fr_ca\/#breadcrumb"},"inLanguage":"fr-CA","potentialAction":[{"@type":"ReadAction","target":["https:\/\/firstlight.energy\/fr_ca\/"]}]},{"@type":"BreadcrumbList","@id":"https:\/\/firstlight.energy\/fr_ca\/#breadcrumb","itemListElement":[{"@type":"ListItem","position":1,"name":"Home","item":"https:\/\/firstlight.energy\/fr_ca\/"},{"@type":"ListItem","position":2,"name":"\u00c9nergie renouvelable. Chemin d\u00e9gag\u00e9. Objectif commun."}]},{"@type":"WebSite","@id":"https:\/\/firstlight.energy\/fr_ca\/#website","url":"https:\/\/firstlight.energy\/fr_ca\/","name":"FirstLight","description":"","publisher":{"@id":"https:\/\/firstlight.energy\/fr_ca\/#organization"},"potentialAction":[{"@type":"SearchAction","target":{"@type":"EntryPoint","urlTemplate":"https:\/\/firstlight.energy\/fr_ca\/?s={search_term_string}"},"query-input":{"@type":"PropertyValueSpecification","valueRequired":true,"valueName":"search_term_string"}}],"inLanguage":"fr-CA"},{"@type":"Organization","@id":"https:\/\/firstlight.energy\/fr_ca\/#organization","name":"FirstLight","url":"https:\/\/firstlight.energy\/fr_ca\/","logo":{"@type":"ImageObject","inLanguage":"fr-CA","@id":"https:\/\/firstlight.energy\/fr_ca\/#\/schema\/logo\/image\/","url":"https:\/\/firstlight.energy\/wp-content\/uploads\/2019\/04\/cropped-FirstLight-Logo-5Mar2019-Blue-1.png","contentUrl":"https:\/\/firstlight.energy\/wp-content\/uploads\/2019\/04\/cropped-FirstLight-Logo-5Mar2019-Blue-1.png","width":336,"height":81,"caption":"FirstLight"},"image":{"@id":"https:\/\/firstlight.energy\/fr_ca\/#\/schema\/logo\/image\/"}}]}},"_links":{"self":[{"href":"https:\/\/firstlight.energy\/fr_ca\/wp-json\/wp\/v2\/pages\/4420","targetHints":{"allow":["GET"]}}],"collection":[{"href":"https:\/\/firstlight.energy\/fr_ca\/wp-json\/wp\/v2\/pages"}],"about":[{"href":"https:\/\/firstlight.energy\/fr_ca\/wp-json\/wp\/v2\/types\/page"}],"author":[{"embeddable":true,"href":"https:\/\/firstlight.energy\/fr_ca\/wp-json\/wp\/v2\/users\/1"}],"replies":[{"embeddable":true,"href":"https:\/\/firstlight.energy\/fr_ca\/wp-json\/wp\/v2\/comments?post=4420"}],"version-history":[{"count":4719,"href":"https:\/\/firstlight.energy\/fr_ca\/wp-json\/wp\/v2\/pages\/4420\/revisions"}],"predecessor-version":[{"id":194215,"href":"https:\/\/firstlight.energy\/fr_ca\/wp-json\/wp\/v2\/pages\/4420\/revisions\/194215"}],"wp:attachment":[{"href":"https:\/\/firstlight.energy\/fr_ca\/wp-json\/wp\/v2\/media?parent=4420"}],"curies":[{"name":"wp","href":"https:\/\/api.w.org\/{rel}","templated":true}]}}