{"id":5026,"date":"2023-11-29T21:17:33","date_gmt":"2023-11-29T21:17:33","guid":{"rendered":"https:\/\/firstlight.energy\/hybrid-energy-solutions\/"},"modified":"2026-04-05T05:17:38","modified_gmt":"2026-04-05T05:17:38","slug":"hybrid-energy-solutions","status":"publish","type":"page","link":"https:\/\/firstlight.energy\/fr_ca\/hybrid-energy-solutions\/","title":{"rendered":"Solutions \u00e9nerg\u00e9tiques hybrides"},"content":{"rendered":"\n<figure class=\"wp-block-image alignwide size-large\"><img loading=\"lazy\" decoding=\"async\" width=\"1024\" height=\"576\" src=\"https:\/\/firstlight.energy\/wp-content\/uploads\/2023\/11\/DJI_0082-2-1024x576.jpg\" alt=\"\" class=\"wp-image-2322\" srcset=\"https:\/\/firstlight.energy\/wp-content\/uploads\/2023\/11\/DJI_0082-2-1024x576.jpg 1024w, https:\/\/firstlight.energy\/wp-content\/uploads\/2023\/11\/DJI_0082-2-300x169.jpg 300w, https:\/\/firstlight.energy\/wp-content\/uploads\/2023\/11\/DJI_0082-2-768x432.jpg 768w, https:\/\/firstlight.energy\/wp-content\/uploads\/2023\/11\/DJI_0082-2-1536x864.jpg 1536w, https:\/\/firstlight.energy\/wp-content\/uploads\/2023\/11\/DJI_0082-2-2048x1152.jpg 2048w\" sizes=\"auto, (max-width: 1024px) 100vw, 1024px\" \/><\/figure>\n\n<h2 class=\"wp-block-heading\">Notre approche hybride<\/h2>\n\n<p>Chez FirstLight, nous nous sp\u00e9cialisons dans la s\u00e9lection de solutions d&rsquo;\u00e9nergie renouvelable hybrides qui associent diff\u00e9rentes technologies telles que l&rsquo;hydro\u00e9lectricit\u00e9, le stockage hydro\u00e9lectrique par pompage, l&rsquo;\u00e9nergie solaire, les batteries \u00e0 grande \u00e9chelle et l&rsquo;\u00e9nergie \u00e9olienne pour cr\u00e9er une \u00e9nergie propre fiable pour les communaut\u00e9s que nous servons.<\/p>\n\n<h5 class=\"wp-block-heading\" id=\"offshore-pumpedhydro\"><strong>Stockage d&rsquo;\u00e9nergie \u00e9olienne offshore et hydro\u00e9lectrique par pompage<\/strong><\/h5>\n\n<p>Alors que le d\u00e9veloppement de l\u2019\u00e9olien offshore s\u2019acc\u00e9l\u00e8re en Am\u00e9rique du Nord, le besoin d\u2019actifs de stockage comme les centrales hydro\u00e9lectriques \u00e0 pompage pour stocker et lib\u00e9rer l\u2019\u00e9nergie \u00e0 mesure que la demande du r\u00e9seau augmente.\u00a0<\/p>\n\n<p>Les ressources de stockage d\u2019\u00e9nergie hydro\u00e9lectrique pomp\u00e9e, comme notre installation phare de Northfield Mountain, sont bien adapt\u00e9es pour \u00eatre associ\u00e9es \u00e0 la production \u00e9olienne offshore. L\u2019association de l\u2019\u00e9olien offshore et du stockage d\u2019\u00e9nergie hydraulique par pompage \u00e0 grande \u00e9chelle am\u00e9liore consid\u00e9rablement la flexibilit\u00e9 de l\u2019\u00e9nergie \u00e9olienne et contribue \u00e0 maximiser la valeur de notre production renouvelable.<\/p>\n\n<div class=\"wp-block-columns alignwide is-layout-flex wp-container-core-columns-is-layout-9d6595d7 wp-block-columns-is-layout-flex\">\n<div class=\"wp-block-column is-vertically-aligned-center is-layout-flow wp-block-column-is-layout-flow\" style=\"flex-basis:50%\">\n<figure class=\"wp-block-image size-large\"><img loading=\"lazy\" decoding=\"async\" width=\"1024\" height=\"576\" src=\"https:\/\/firstlight.energy\/wp-content\/uploads\/2023\/11\/OffshorePic-1024x576.png\" alt=\"\" class=\"wp-image-2265\" srcset=\"https:\/\/firstlight.energy\/wp-content\/uploads\/2023\/11\/OffshorePic-1024x576.png 1024w, https:\/\/firstlight.energy\/wp-content\/uploads\/2023\/11\/OffshorePic-300x169.png 300w, https:\/\/firstlight.energy\/wp-content\/uploads\/2023\/11\/OffshorePic-768x432.png 768w, https:\/\/firstlight.energy\/wp-content\/uploads\/2023\/11\/OffshorePic-1536x864.png 1536w, https:\/\/firstlight.energy\/wp-content\/uploads\/2023\/11\/OffshorePic.png 1920w\" sizes=\"auto, (max-width: 1024px) 100vw, 1024px\" \/><\/figure>\n<\/div>\n\n\n\n<div class=\"wp-block-column is-layout-flow wp-block-column-is-layout-flow\" style=\"flex-basis:50%\">\n<figure class=\"wp-block-image size-large\"><img loading=\"lazy\" decoding=\"async\" width=\"1024\" height=\"576\" src=\"https:\/\/firstlight.energy\/wp-content\/uploads\/2023\/11\/NFMPic-1024x576.png\" alt=\"\" class=\"wp-image-2264\" srcset=\"https:\/\/firstlight.energy\/wp-content\/uploads\/2023\/11\/NFMPic-1024x576.png 1024w, https:\/\/firstlight.energy\/wp-content\/uploads\/2023\/11\/NFMPic-300x169.png 300w, https:\/\/firstlight.energy\/wp-content\/uploads\/2023\/11\/NFMPic-768x432.png 768w, https:\/\/firstlight.energy\/wp-content\/uploads\/2023\/11\/NFMPic-1536x864.png 1536w, https:\/\/firstlight.energy\/wp-content\/uploads\/2023\/11\/NFMPic.png 1920w\" sizes=\"auto, (max-width: 1024px) 100vw, 1024px\" \/><\/figure>\n<\/div>\n<\/div>\n\n<h5 class=\"wp-block-heading\"><strong>Pleins feux sur un projet de d\u00e9veloppement\u00a0: l&rsquo;\u00e9olien l\u00e9ger de premier plan<\/strong><\/h5>\n\n<div class=\"wp-block-columns alignwide is-layout-flex wp-container-core-columns-is-layout-9d6595d7 wp-block-columns-is-layout-flex\">\n<div class=\"wp-block-column is-layout-flow wp-block-column-is-layout-flow\" style=\"flex-basis:33.33%\">\n<figure class=\"wp-block-image alignwide size-large\"><img loading=\"lazy\" decoding=\"async\" width=\"1024\" height=\"761\" src=\"https:\/\/firstlight.energy\/wp-content\/uploads\/2023\/11\/LLW-Back-1-e1700595200880-1024x761.png\" alt=\"\" class=\"wp-image-2259\" srcset=\"https:\/\/firstlight.energy\/wp-content\/uploads\/2023\/11\/LLW-Back-1-e1700595200880-1024x761.png 1024w, https:\/\/firstlight.energy\/wp-content\/uploads\/2023\/11\/LLW-Back-1-e1700595200880-300x223.png 300w, https:\/\/firstlight.energy\/wp-content\/uploads\/2023\/11\/LLW-Back-1-e1700595200880-768x571.png 768w, https:\/\/firstlight.energy\/wp-content\/uploads\/2023\/11\/LLW-Back-1-e1700595200880-1536x1141.png 1536w, https:\/\/firstlight.energy\/wp-content\/uploads\/2023\/11\/LLW-Back-1-e1700595200880.png 1880w\" sizes=\"auto, (max-width: 1024px) 100vw, 1024px\" \/><\/figure>\n<\/div>\n\n\n\n<div class=\"wp-block-column is-layout-flow wp-block-column-is-layout-flow\" style=\"flex-basis:66.66%\">\n<p>Leading Light Wind est un projet \u00e9olien offshore dirig\u00e9 par les \u00c9tats-Unis qui fournira de l&rsquo;\u00e9nergie renouvelable d&rsquo;origine locale \u00e0 la c\u00f4te Est. D\u00e9velopp\u00e9 par Invenergy et energyRe avec le financement de FirstLight, Blackstone Infrastructure Partners, CDPQ et Ullico Infrastructure Fund, le projet, une fois termin\u00e9, fournira plus de 2 000 MW d&rsquo;\u00e9nergie propre au Nord-Est, soit suffisamment d&rsquo;\u00e9nergie propre pour alimenter plus de 650 000 foyers par an.<\/p>\n\n\n\n<p>Les projets \u00e9oliens offshore \u00e0 grande \u00e9chelle comme Leading Light Wind sont bien adapt\u00e9s pour \u00eatre associ\u00e9s \u00e0 des actifs de stockage d&rsquo;\u00e9nergie hydro\u00e9lectrique \u00e0 pompage de grande capacit\u00e9 comme Northfield Mountain de FirstLight pour offrir la flexibilit\u00e9 n\u00e9cessaire au r\u00e9seau \u00e0 mesure que la transition \u00e9nerg\u00e9tique progresse, et les \u00e9nergies renouvelables intermittentes comme l&rsquo;\u00e9nergie \u00e9olienne constituent une part plus importante de notre mix \u00e9nerg\u00e9tique.<\/p>\n\n\n\n<p><a href=\"https:\/\/www.firstlightpower.com\/facilities\/?location_id=1903\" target=\"_blank\" rel=\"noreferrer noopener\">En savoir plus sur Leading Light Wind<\/a><\/p>\n<\/div>\n<\/div>\n\n<h5 class=\"wp-block-heading\" id=\"solar-hydro-battery\"><strong>Stockage d&rsquo;\u00e9nergie solaire + hydro\u00e9lectrique + batterie<\/strong><\/h5>\n\n<p>L\u2019\u00e9nergie solaire, l\u2019hydro\u00e9lectricit\u00e9 et le stockage d\u2019\u00e9nergie sont tous essentiels \u00e0 nos efforts pour d\u00e9carboner compl\u00e8tement le r\u00e9seau \u00e9lectrique. Chez FirstLight, nous travaillons \u00e0 combiner ces diff\u00e9rentes technologies pour am\u00e9liorer consid\u00e9rablement la flexibilit\u00e9 et la fiabilit\u00e9 de ces ressources propres.<\/p>\n\n<p>En adoptant cette approche, FirstLight contribue \u00e0 faire progresser un syst\u00e8me \u00e9lectrique propre, fiable, abordable et \u00e9quitable.<\/p>\n\n<div class=\"wp-block-columns alignwide is-layout-flex wp-container-core-columns-is-layout-9d6595d7 wp-block-columns-is-layout-flex\">\n<div class=\"wp-block-column is-layout-flow wp-block-column-is-layout-flow\">\n<figure class=\"wp-block-image size-large is-resized\"><img loading=\"lazy\" decoding=\"async\" width=\"2560\" height=\"1920\" src=\"https:\/\/firstlight.energy\/wp-content\/uploads\/2023\/11\/DJI_0082-2-edited-scaled.jpg\" alt=\"\" class=\"wp-image-2325\" style=\"aspect-ratio:4\/3;object-fit:cover;width:430px;height:auto\" srcset=\"https:\/\/firstlight.energy\/wp-content\/uploads\/2023\/11\/DJI_0082-2-edited-scaled.jpg 2560w, https:\/\/firstlight.energy\/wp-content\/uploads\/2023\/11\/DJI_0082-2-edited-300x225.jpg 300w, https:\/\/firstlight.energy\/wp-content\/uploads\/2023\/11\/DJI_0082-2-edited-1024x768.jpg 1024w, https:\/\/firstlight.energy\/wp-content\/uploads\/2023\/11\/DJI_0082-2-edited-768x576.jpg 768w, https:\/\/firstlight.energy\/wp-content\/uploads\/2023\/11\/DJI_0082-2-edited-1536x1152.jpg 1536w, https:\/\/firstlight.energy\/wp-content\/uploads\/2023\/11\/DJI_0082-2-edited-2048x1536.jpg 2048w\" sizes=\"auto, (max-width: 2560px) 100vw, 2560px\" \/><\/figure>\n<\/div>\n\n\n\n<div class=\"wp-block-column is-layout-flow wp-block-column-is-layout-flow\">\n<figure class=\"wp-block-image size-large\"><img loading=\"lazy\" decoding=\"async\" width=\"1024\" height=\"764\" src=\"https:\/\/firstlight.energy\/wp-content\/uploads\/2023\/11\/Stevenson-Aerial-1024x764.jpg\" alt=\"\" class=\"wp-image-2324\" style=\"aspect-ratio:4\/3;object-fit:cover\" srcset=\"https:\/\/firstlight.energy\/wp-content\/uploads\/2023\/11\/Stevenson-Aerial-1024x764.jpg 1024w, https:\/\/firstlight.energy\/wp-content\/uploads\/2023\/11\/Stevenson-Aerial-300x224.jpg 300w, https:\/\/firstlight.energy\/wp-content\/uploads\/2023\/11\/Stevenson-Aerial-768x573.jpg 768w, https:\/\/firstlight.energy\/wp-content\/uploads\/2023\/11\/Stevenson-Aerial-1536x1146.jpg 1536w, https:\/\/firstlight.energy\/wp-content\/uploads\/2023\/11\/Stevenson-Aerial.jpg 1998w\" sizes=\"auto, (max-width: 1024px) 100vw, 1024px\" \/><\/figure>\n<\/div>\n\n\n\n<div class=\"wp-block-column is-layout-flow wp-block-column-is-layout-flow\">\n<figure class=\"wp-block-image size-large\"><img loading=\"lazy\" decoding=\"async\" width=\"1024\" height=\"768\" src=\"https:\/\/firstlight.energy\/wp-content\/uploads\/2019\/10\/Brandeis-University-Battery-Resized-1024x768.jpg\" alt=\"\" class=\"wp-image-879\" style=\"aspect-ratio:4\/3;object-fit:cover\" srcset=\"https:\/\/firstlight.energy\/wp-content\/uploads\/2019\/10\/Brandeis-University-Battery-Resized-1024x768.jpg 1024w, https:\/\/firstlight.energy\/wp-content\/uploads\/2019\/10\/Brandeis-University-Battery-Resized-300x225.jpg 300w, https:\/\/firstlight.energy\/wp-content\/uploads\/2019\/10\/Brandeis-University-Battery-Resized-768x576.jpg 768w, https:\/\/firstlight.energy\/wp-content\/uploads\/2019\/10\/Brandeis-University-Battery-Resized-1568x1176.jpg 1568w, https:\/\/firstlight.energy\/wp-content\/uploads\/2019\/10\/Brandeis-University-Battery-Resized.jpg 1600w\" sizes=\"auto, (max-width: 1024px) 100vw, 1024px\" \/><\/figure>\n<\/div>\n<\/div>\n\n<h5 class=\"wp-block-heading\"><strong>Pleins feux sur le projet de d\u00e9veloppement\u00a0: syst\u00e8me de batterie de tunnel <\/strong><\/h5>\n\n<div class=\"wp-block-columns alignwide is-layout-flex wp-container-core-columns-is-layout-9d6595d7 wp-block-columns-is-layout-flex\">\n<div class=\"wp-block-column is-layout-flow wp-block-column-is-layout-flow\" style=\"flex-basis:33.33%\">\n<figure class=\"wp-block-image alignwide size-full\"><img loading=\"lazy\" decoding=\"async\" width=\"882\" height=\"651\" src=\"https:\/\/firstlight.energy\/wp-content\/uploads\/2023\/02\/Tunnel-Back-e1700597851471.png\" alt=\"\" class=\"wp-image-1958\" srcset=\"https:\/\/firstlight.energy\/wp-content\/uploads\/2023\/02\/Tunnel-Back-e1700597851471.png 882w, https:\/\/firstlight.energy\/wp-content\/uploads\/2023\/02\/Tunnel-Back-e1700597851471-300x221.png 300w, https:\/\/firstlight.energy\/wp-content\/uploads\/2023\/02\/Tunnel-Back-e1700597851471-768x567.png 768w\" sizes=\"auto, (max-width: 882px) 100vw, 882px\" \/><\/figure>\n<\/div>\n\n\n\n<div class=\"wp-block-column is-layout-flow wp-block-column-is-layout-flow\" style=\"flex-basis:66.66%\">\n<p>Le projet Tunnel Battery Energy Storage System (BESS) de FirstLight, d\u00e9velopp\u00e9 en collaboration avec New Leaf Energy, remplacera le Tunnel Jet Gas Peaker, dont la mise hors service est pr\u00e9vue en 2023.<\/p>\n\n\n\n<p>Le syst\u00e8me de batterie de 17 MW fournira une \u00e9nergie \u00e9quivalente \u00e0 celle du syst\u00e8me de pointe aliment\u00e9 par des combustibles fossiles existant, mais offrira de nouveaux avantages au r\u00e9seau en chargeant lorsque l&rsquo;\u00e9nergie exc\u00e9dentaire existe sur le r\u00e9seau et qu&rsquo;elle ne serait autrement pas utilis\u00e9e, tout en r\u00e9duisant les \u00e9missions de GES.<\/p>\n\n\n\n<p>Le projet Tunnel Battery sera co-implant\u00e9 avec l&rsquo;installation Tunnel Hydro de FirstLight, soulignant l&rsquo;opportunit\u00e9 d&rsquo;associer des batteries \u00e0 l&rsquo;hydro\u00e9lectricit\u00e9 pour augmenter l&rsquo;\u00e9nergie renouvelable fournie aux communaut\u00e9s du Connecticut et maximiser la flexibilit\u00e9 de ces ressources propres.<\/p>\n\n\n\n<p><\/p>\n<\/div>\n<\/div>\n\n<div class=\"wp-block-buttons is-content-justification-center is-layout-flex wp-container-core-buttons-is-layout-16018d1d wp-block-buttons-is-layout-flex\">\n<div class=\"wp-block-button not-prose\"><a class=\"wp-block-button__link wp-element-button button button-solid\" href=\"https:\/\/firstlight.energy\/energy\/#projects\">Nos projets \u00e9nerg\u00e9tiques<\/a><\/div>\n<\/div>\n","protected":false},"excerpt":{"rendered":"<p>Notre approche hybride Chez FirstLight, nous nous sp\u00e9cialisons dans la s\u00e9lection de solutions d&rsquo;\u00e9nergie renouvelable hybrides qui associent diff\u00e9rentes technologies telles que l&rsquo;hydro\u00e9lectricit\u00e9, le stockage hydro\u00e9lectrique par pompage, l&rsquo;\u00e9nergie solaire, les batteries \u00e0 grande \u00e9chelle et l&rsquo;\u00e9nergie \u00e9olienne pour cr\u00e9er une \u00e9nergie propre fiable pour les communaut\u00e9s que nous servons. Stockage d&rsquo;\u00e9nergie \u00e9olienne offshore et\u2026<\/p>\n","protected":false},"author":13,"featured_media":0,"parent":0,"menu_order":0,"comment_status":"closed","ping_status":"closed","template":"","meta":{"_acf_changed":false,"footnotes":""},"class_list":["post-5026","page","type-page","status-publish","hentry"],"acf":[],"yoast_head":"<!-- This site is optimized with the Yoast SEO plugin v27.5 - https:\/\/yoast.com\/product\/yoast-seo-wordpress\/ -->\n<title>Solutions \u00e9nerg\u00e9tiques hybrides - FirstLight<\/title>\n<meta name=\"robots\" content=\"index, follow, max-snippet:-1, max-image-preview:large, max-video-preview:-1\" \/>\n<link rel=\"canonical\" href=\"https:\/\/firstlight.energy\/fr_ca\/hybrid-energy-solutions\/\" \/>\n<meta property=\"og:locale\" content=\"fr_CA\" \/>\n<meta property=\"og:type\" content=\"article\" \/>\n<meta property=\"og:title\" content=\"Solutions \u00e9nerg\u00e9tiques hybrides - FirstLight\" \/>\n<meta property=\"og:description\" content=\"Notre approche hybride Chez FirstLight, nous nous sp\u00e9cialisons dans la s\u00e9lection de solutions d&rsquo;\u00e9nergie renouvelable hybrides qui associent diff\u00e9rentes technologies telles que l&rsquo;hydro\u00e9lectricit\u00e9, le stockage hydro\u00e9lectrique par pompage, l&rsquo;\u00e9nergie solaire, les batteries \u00e0 grande \u00e9chelle et l&rsquo;\u00e9nergie \u00e9olienne pour cr\u00e9er une \u00e9nergie propre fiable pour les communaut\u00e9s que nous servons. Stockage d&rsquo;\u00e9nergie \u00e9olienne offshore et\u2026\" \/>\n<meta property=\"og:url\" content=\"https:\/\/firstlight.energy\/fr_ca\/hybrid-energy-solutions\/\" \/>\n<meta property=\"og:site_name\" content=\"FirstLight\" \/>\n<meta property=\"article:modified_time\" content=\"2026-04-05T05:17:38+00:00\" \/>\n<meta property=\"og:image\" content=\"https:\/\/firstlight.energy\/wp-content\/uploads\/2023\/11\/DJI_0082-2-scaled.jpg\" \/>\n\t<meta property=\"og:image:width\" content=\"2560\" \/>\n\t<meta property=\"og:image:height\" content=\"1440\" \/>\n\t<meta property=\"og:image:type\" content=\"image\/jpeg\" \/>\n<meta name=\"twitter:card\" content=\"summary_large_image\" \/>\n<meta name=\"twitter:label1\" content=\"Estimation du temps de lecture\" \/>\n\t<meta name=\"twitter:data1\" content=\"4 minutes\" \/>\n<script type=\"application\/ld+json\" class=\"yoast-schema-graph\">{\"@context\":\"https:\\\/\\\/schema.org\",\"@graph\":[{\"@type\":\"WebPage\",\"@id\":\"https:\\\/\\\/firstlight.energy\\\/fr_ca\\\/hybrid-energy-solutions\\\/\",\"url\":\"https:\\\/\\\/firstlight.energy\\\/fr_ca\\\/hybrid-energy-solutions\\\/\",\"name\":\"Solutions \u00e9nerg\u00e9tiques hybrides - FirstLight\",\"isPartOf\":{\"@id\":\"https:\\\/\\\/firstlight.energy\\\/fr_ca\\\/#website\"},\"primaryImageOfPage\":{\"@id\":\"https:\\\/\\\/firstlight.energy\\\/fr_ca\\\/hybrid-energy-solutions\\\/#primaryimage\"},\"image\":{\"@id\":\"https:\\\/\\\/firstlight.energy\\\/fr_ca\\\/hybrid-energy-solutions\\\/#primaryimage\"},\"thumbnailUrl\":\"https:\\\/\\\/firstlight.energy\\\/wp-content\\\/uploads\\\/2023\\\/11\\\/DJI_0082-2-1024x576.jpg\",\"datePublished\":\"2023-11-29T21:17:33+00:00\",\"dateModified\":\"2026-04-05T05:17:38+00:00\",\"breadcrumb\":{\"@id\":\"https:\\\/\\\/firstlight.energy\\\/fr_ca\\\/hybrid-energy-solutions\\\/#breadcrumb\"},\"inLanguage\":\"fr-CA\",\"potentialAction\":[{\"@type\":\"ReadAction\",\"target\":[\"https:\\\/\\\/firstlight.energy\\\/fr_ca\\\/hybrid-energy-solutions\\\/\"]}]},{\"@type\":\"ImageObject\",\"inLanguage\":\"fr-CA\",\"@id\":\"https:\\\/\\\/firstlight.energy\\\/fr_ca\\\/hybrid-energy-solutions\\\/#primaryimage\",\"url\":\"https:\\\/\\\/firstlight.energy\\\/wp-content\\\/uploads\\\/2023\\\/11\\\/DJI_0082-2-1024x576.jpg\",\"contentUrl\":\"https:\\\/\\\/firstlight.energy\\\/wp-content\\\/uploads\\\/2023\\\/11\\\/DJI_0082-2-1024x576.jpg\"},{\"@type\":\"BreadcrumbList\",\"@id\":\"https:\\\/\\\/firstlight.energy\\\/fr_ca\\\/hybrid-energy-solutions\\\/#breadcrumb\",\"itemListElement\":[{\"@type\":\"ListItem\",\"position\":1,\"name\":\"Home\",\"item\":\"https:\\\/\\\/firstlight.energy\\\/fr_ca\\\/\"},{\"@type\":\"ListItem\",\"position\":2,\"name\":\"Solutions \u00e9nerg\u00e9tiques hybrides\"}]},{\"@type\":\"WebSite\",\"@id\":\"https:\\\/\\\/firstlight.energy\\\/fr_ca\\\/#website\",\"url\":\"https:\\\/\\\/firstlight.energy\\\/fr_ca\\\/\",\"name\":\"FirstLight\",\"description\":\"\",\"publisher\":{\"@id\":\"https:\\\/\\\/firstlight.energy\\\/fr_ca\\\/#organization\"},\"potentialAction\":[{\"@type\":\"SearchAction\",\"target\":{\"@type\":\"EntryPoint\",\"urlTemplate\":\"https:\\\/\\\/firstlight.energy\\\/fr_ca\\\/?s={search_term_string}\"},\"query-input\":{\"@type\":\"PropertyValueSpecification\",\"valueRequired\":true,\"valueName\":\"search_term_string\"}}],\"inLanguage\":\"fr-CA\"},{\"@type\":\"Organization\",\"@id\":\"https:\\\/\\\/firstlight.energy\\\/fr_ca\\\/#organization\",\"name\":\"FirstLight\",\"url\":\"https:\\\/\\\/firstlight.energy\\\/fr_ca\\\/\",\"logo\":{\"@type\":\"ImageObject\",\"inLanguage\":\"fr-CA\",\"@id\":\"https:\\\/\\\/firstlight.energy\\\/fr_ca\\\/#\\\/schema\\\/logo\\\/image\\\/\",\"url\":\"https:\\\/\\\/firstlight.energy\\\/wp-content\\\/uploads\\\/2019\\\/04\\\/cropped-FirstLight-Logo-5Mar2019-Blue-1.png\",\"contentUrl\":\"https:\\\/\\\/firstlight.energy\\\/wp-content\\\/uploads\\\/2019\\\/04\\\/cropped-FirstLight-Logo-5Mar2019-Blue-1.png\",\"width\":336,\"height\":81,\"caption\":\"FirstLight\"},\"image\":{\"@id\":\"https:\\\/\\\/firstlight.energy\\\/fr_ca\\\/#\\\/schema\\\/logo\\\/image\\\/\"}}]}<\/script>\n<!-- \/ Yoast SEO plugin. -->","yoast_head_json":{"title":"Solutions \u00e9nerg\u00e9tiques hybrides - FirstLight","robots":{"index":"index","follow":"follow","max-snippet":"max-snippet:-1","max-image-preview":"max-image-preview:large","max-video-preview":"max-video-preview:-1"},"canonical":"https:\/\/firstlight.energy\/fr_ca\/hybrid-energy-solutions\/","og_locale":"fr_CA","og_type":"article","og_title":"Solutions \u00e9nerg\u00e9tiques hybrides - FirstLight","og_description":"Notre approche hybride Chez FirstLight, nous nous sp\u00e9cialisons dans la s\u00e9lection de solutions d&rsquo;\u00e9nergie renouvelable hybrides qui associent diff\u00e9rentes technologies telles que l&rsquo;hydro\u00e9lectricit\u00e9, le stockage hydro\u00e9lectrique par pompage, l&rsquo;\u00e9nergie solaire, les batteries \u00e0 grande \u00e9chelle et l&rsquo;\u00e9nergie \u00e9olienne pour cr\u00e9er une \u00e9nergie propre fiable pour les communaut\u00e9s que nous servons. Stockage d&rsquo;\u00e9nergie \u00e9olienne offshore et\u2026","og_url":"https:\/\/firstlight.energy\/fr_ca\/hybrid-energy-solutions\/","og_site_name":"FirstLight","article_modified_time":"2026-04-05T05:17:38+00:00","og_image":[{"width":2560,"height":1440,"url":"https:\/\/firstlight.energy\/wp-content\/uploads\/2023\/11\/DJI_0082-2-scaled.jpg","type":"image\/jpeg"}],"twitter_card":"summary_large_image","twitter_misc":{"Estimation du temps de lecture":"4 minutes"},"schema":{"@context":"https:\/\/schema.org","@graph":[{"@type":"WebPage","@id":"https:\/\/firstlight.energy\/fr_ca\/hybrid-energy-solutions\/","url":"https:\/\/firstlight.energy\/fr_ca\/hybrid-energy-solutions\/","name":"Solutions \u00e9nerg\u00e9tiques hybrides - FirstLight","isPartOf":{"@id":"https:\/\/firstlight.energy\/fr_ca\/#website"},"primaryImageOfPage":{"@id":"https:\/\/firstlight.energy\/fr_ca\/hybrid-energy-solutions\/#primaryimage"},"image":{"@id":"https:\/\/firstlight.energy\/fr_ca\/hybrid-energy-solutions\/#primaryimage"},"thumbnailUrl":"https:\/\/firstlight.energy\/wp-content\/uploads\/2023\/11\/DJI_0082-2-1024x576.jpg","datePublished":"2023-11-29T21:17:33+00:00","dateModified":"2026-04-05T05:17:38+00:00","breadcrumb":{"@id":"https:\/\/firstlight.energy\/fr_ca\/hybrid-energy-solutions\/#breadcrumb"},"inLanguage":"fr-CA","potentialAction":[{"@type":"ReadAction","target":["https:\/\/firstlight.energy\/fr_ca\/hybrid-energy-solutions\/"]}]},{"@type":"ImageObject","inLanguage":"fr-CA","@id":"https:\/\/firstlight.energy\/fr_ca\/hybrid-energy-solutions\/#primaryimage","url":"https:\/\/firstlight.energy\/wp-content\/uploads\/2023\/11\/DJI_0082-2-1024x576.jpg","contentUrl":"https:\/\/firstlight.energy\/wp-content\/uploads\/2023\/11\/DJI_0082-2-1024x576.jpg"},{"@type":"BreadcrumbList","@id":"https:\/\/firstlight.energy\/fr_ca\/hybrid-energy-solutions\/#breadcrumb","itemListElement":[{"@type":"ListItem","position":1,"name":"Home","item":"https:\/\/firstlight.energy\/fr_ca\/"},{"@type":"ListItem","position":2,"name":"Solutions \u00e9nerg\u00e9tiques hybrides"}]},{"@type":"WebSite","@id":"https:\/\/firstlight.energy\/fr_ca\/#website","url":"https:\/\/firstlight.energy\/fr_ca\/","name":"FirstLight","description":"","publisher":{"@id":"https:\/\/firstlight.energy\/fr_ca\/#organization"},"potentialAction":[{"@type":"SearchAction","target":{"@type":"EntryPoint","urlTemplate":"https:\/\/firstlight.energy\/fr_ca\/?s={search_term_string}"},"query-input":{"@type":"PropertyValueSpecification","valueRequired":true,"valueName":"search_term_string"}}],"inLanguage":"fr-CA"},{"@type":"Organization","@id":"https:\/\/firstlight.energy\/fr_ca\/#organization","name":"FirstLight","url":"https:\/\/firstlight.energy\/fr_ca\/","logo":{"@type":"ImageObject","inLanguage":"fr-CA","@id":"https:\/\/firstlight.energy\/fr_ca\/#\/schema\/logo\/image\/","url":"https:\/\/firstlight.energy\/wp-content\/uploads\/2019\/04\/cropped-FirstLight-Logo-5Mar2019-Blue-1.png","contentUrl":"https:\/\/firstlight.energy\/wp-content\/uploads\/2019\/04\/cropped-FirstLight-Logo-5Mar2019-Blue-1.png","width":336,"height":81,"caption":"FirstLight"},"image":{"@id":"https:\/\/firstlight.energy\/fr_ca\/#\/schema\/logo\/image\/"}}]}},"_links":{"self":[{"href":"https:\/\/firstlight.energy\/fr_ca\/wp-json\/wp\/v2\/pages\/5026","targetHints":{"allow":["GET"]}}],"collection":[{"href":"https:\/\/firstlight.energy\/fr_ca\/wp-json\/wp\/v2\/pages"}],"about":[{"href":"https:\/\/firstlight.energy\/fr_ca\/wp-json\/wp\/v2\/types\/page"}],"author":[{"embeddable":true,"href":"https:\/\/firstlight.energy\/fr_ca\/wp-json\/wp\/v2\/users\/13"}],"replies":[{"embeddable":true,"href":"https:\/\/firstlight.energy\/fr_ca\/wp-json\/wp\/v2\/comments?post=5026"}],"version-history":[{"count":6327,"href":"https:\/\/firstlight.energy\/fr_ca\/wp-json\/wp\/v2\/pages\/5026\/revisions"}],"predecessor-version":[{"id":194262,"href":"https:\/\/firstlight.energy\/fr_ca\/wp-json\/wp\/v2\/pages\/5026\/revisions\/194262"}],"wp:attachment":[{"href":"https:\/\/firstlight.energy\/fr_ca\/wp-json\/wp\/v2\/media?parent=5026"}],"curies":[{"name":"wp","href":"https:\/\/api.w.org\/{rel}","templated":true}]}}