{"id":5034,"date":"2023-11-28T00:13:58","date_gmt":"2023-11-28T00:13:58","guid":{"rendered":"https:\/\/firstlight.energy\/purpose\/firstlight-sustains\/"},"modified":"2026-04-05T05:16:10","modified_gmt":"2026-04-05T05:16:10","slug":"firstlight-sustains","status":"publish","type":"page","link":"https:\/\/firstlight.energy\/fr_ca\/purpose\/firstlight-sustains\/","title":{"rendered":"FirstLight soutient"},"content":{"rendered":"\n<figure class=\"wp-block-image alignwide size-large\"><img loading=\"lazy\" decoding=\"async\" width=\"1024\" height=\"768\" src=\"https:\/\/firstlight.energy\/wp-content\/uploads\/2023\/10\/home-2-1024x768.jpg\" alt=\"\" class=\"wp-image-2225\" srcset=\"https:\/\/firstlight.energy\/wp-content\/uploads\/2023\/10\/home-2-1024x768.jpg 1024w, https:\/\/firstlight.energy\/wp-content\/uploads\/2023\/10\/home-2-300x225.jpg 300w, https:\/\/firstlight.energy\/wp-content\/uploads\/2023\/10\/home-2-768x576.jpg 768w, https:\/\/firstlight.energy\/wp-content\/uploads\/2023\/10\/home-2-1536x1153.jpg 1536w, https:\/\/firstlight.energy\/wp-content\/uploads\/2023\/10\/home-2-2048x1537.jpg 2048w\" sizes=\"auto, (max-width: 1024px) 100vw, 1024px\" \/><\/figure>\n\n<h3 class=\"wp-block-heading\">Le programme de subventions soutient et habilite les organisations locales qui favorisent le d\u00e9veloppement communautaire et la durabilit\u00e9. Il offre un processus \u00e9quitable par lequel les organisations qualifi\u00e9es, r\u00e9put\u00e9es et comp\u00e9tentes peuvent demander et recevoir un financement pour des activit\u00e9s et des projets qui r\u00e9pondent \u00e0 l\u2019objectif d\u2019am\u00e9liorer la qualit\u00e9 de vie dans ces communaut\u00e9s.<\/h3>\n\n<div style=\"height:31px\" aria-hidden=\"true\" class=\"wp-block-spacer\"><\/div>\n\n<h2 id=\"mission\" class=\"wp-block-heading\"><strong>La mission de FirstLight<\/strong><\/h2>\n\n<p>Notre mission est d&rsquo;acc\u00e9l\u00e9rer la d\u00e9carbonisation du r\u00e9seau \u00e9lectrique en soutenant le d\u00e9veloppement, l&rsquo;exploitation et l&rsquo;int\u00e9gration des \u00e9nergies renouvelables et du stockage pour r\u00e9pondre aux besoins croissants en \u00e9nergie propre du monde et fournir un syst\u00e8me \u00e9lectrique propre, fiable, abordable et \u00e9quitable.<\/p>\n\n<p>Pour compl\u00e9ter notre mission, le programme FirstLight Sustains se concentre sur deux domaines :<\/p>\n\n<h5 class=\"wp-block-heading\"><strong>Action et \u00e9ducation pour le climat<\/strong><\/h5>\n\n<p>Les subventions pour l\u2019action climatique et l\u2019\u00e9ducation favoriseront la sensibilisation, l\u2019appr\u00e9ciation ou l\u2019acc\u00e8s aux efforts publics de conservation et de durabilit\u00e9, et soutiendront la protection, la restauration et l\u2019am\u00e9lioration des ressources naturelles dans nos communaut\u00e9s.<\/p>\n\n<h5 class=\"wp-block-heading\"><strong>D\u00e9veloppement communautaire<\/strong><\/h5>\n\n<p>Les subventions pour le d\u00e9veloppement communautaire soutiendront les efforts visant \u00e0 am\u00e9liorer les communaut\u00e9s dans lesquelles nous vivons et travaillons gr\u00e2ce \u00e0 des am\u00e9liorations de la s\u00e9curit\u00e9 publique, des projets d&rsquo;art public, des am\u00e9nagements de lieux, des services dirig\u00e9s par la communaut\u00e9, et plus encore.<\/p>\n\n<div style=\"height:50px\" aria-hidden=\"true\" class=\"wp-block-spacer\"><\/div>\n\n<h2 id=\"grant-application\" class=\"wp-block-heading\"><strong><strong>Processus de demande de subvention<\/strong><\/strong><\/h2>\n\n<h3 class=\"wp-block-heading\">FirstLight Sustains attribuera des subventions individuelles pouvant aller jusqu&rsquo;\u00e0 5 000 $. Les subventions qui r\u00e9pondent aux exigences ou qui sont admissibles aux fonds de contrepartie sont encourag\u00e9es. Un soutien suppl\u00e9mentaire sous forme de mat\u00e9riel et de parrainages peut \u00eatre apport\u00e9 \u00e0 la discr\u00e9tion de FirstLight.<\/h3>\n\n<p>The 2026 grant cycle opens on February 5, 2026, and close on April 3, 2026. All applications must be emailed or postmarked by April 3, 2026, for consideration in this fiscal year. Awards will be announced in May 2026. <\/p>\n\n<div class=\"wp-block-buttons is-layout-flex wp-block-buttons-is-layout-flex\">\n<div class=\"wp-block-button not-prose\"><a class=\"wp-block-button__link wp-element-button button button-solid\" href=\"https:\/\/firstlight.energy\/wp-content\/uploads\/2026\/02\/2026-DRAFT-FirstLight-Sustains-Application-02.03.26.docx\" target=\"_blank\" rel=\"noreferrer noopener\">2026 FirstLight Sustains Application<\/a><\/div>\n<\/div>\n","protected":false},"excerpt":{"rendered":"<p>Le programme de subventions soutient et habilite les organisations locales qui favorisent le d\u00e9veloppement communautaire et la durabilit\u00e9. Il offre un processus \u00e9quitable par lequel les organisations qualifi\u00e9es, r\u00e9put\u00e9es et comp\u00e9tentes peuvent demander et recevoir un financement pour des activit\u00e9s et des projets qui r\u00e9pondent \u00e0 l\u2019objectif d\u2019am\u00e9liorer la qualit\u00e9 de vie dans ces communaut\u00e9s.\u2026<\/p>\n","protected":false},"author":18,"featured_media":0,"parent":4817,"menu_order":0,"comment_status":"closed","ping_status":"closed","template":"","meta":{"_acf_changed":false,"footnotes":""},"class_list":["post-5034","page","type-page","status-publish","hentry"],"acf":[],"yoast_head":"<!-- This site is optimized with the Yoast SEO plugin v27.4 - https:\/\/yoast.com\/product\/yoast-seo-wordpress\/ -->\n<title>FirstLight soutient - FirstLight<\/title>\n<meta name=\"robots\" content=\"index, follow, max-snippet:-1, max-image-preview:large, max-video-preview:-1\" \/>\n<link rel=\"canonical\" href=\"https:\/\/firstlight.energy\/fr_ca\/purpose\/firstlight-sustains\/\" \/>\n<meta property=\"og:locale\" content=\"fr_CA\" \/>\n<meta property=\"og:type\" content=\"article\" \/>\n<meta property=\"og:title\" content=\"FirstLight soutient - FirstLight\" \/>\n<meta property=\"og:description\" content=\"Le programme de subventions soutient et habilite les organisations locales qui favorisent le d\u00e9veloppement communautaire et la durabilit\u00e9. Il offre un processus \u00e9quitable par lequel les organisations qualifi\u00e9es, r\u00e9put\u00e9es et comp\u00e9tentes peuvent demander et recevoir un financement pour des activit\u00e9s et des projets qui r\u00e9pondent \u00e0 l\u2019objectif d\u2019am\u00e9liorer la qualit\u00e9 de vie dans ces communaut\u00e9s.\u2026\" \/>\n<meta property=\"og:url\" content=\"https:\/\/firstlight.energy\/fr_ca\/purpose\/firstlight-sustains\/\" \/>\n<meta property=\"og:site_name\" content=\"FirstLight\" \/>\n<meta property=\"article:modified_time\" content=\"2026-04-05T05:16:10+00:00\" \/>\n<meta property=\"og:image\" content=\"https:\/\/firstlight.energy\/wp-content\/uploads\/2024\/02\/FirstLight-Sustains-scaled.jpg\" \/>\n\t<meta property=\"og:image:width\" content=\"2560\" \/>\n\t<meta property=\"og:image:height\" content=\"1920\" \/>\n\t<meta property=\"og:image:type\" content=\"image\/jpeg\" \/>\n<meta name=\"twitter:card\" content=\"summary_large_image\" \/>\n<meta name=\"twitter:label1\" content=\"Estimation du temps de lecture\" \/>\n\t<meta name=\"twitter:data1\" content=\"2 minutes\" \/>\n<script type=\"application\/ld+json\" class=\"yoast-schema-graph\">{\"@context\":\"https:\\\/\\\/schema.org\",\"@graph\":[{\"@type\":\"WebPage\",\"@id\":\"https:\\\/\\\/firstlight.energy\\\/fr_ca\\\/purpose\\\/firstlight-sustains\\\/\",\"url\":\"https:\\\/\\\/firstlight.energy\\\/fr_ca\\\/purpose\\\/firstlight-sustains\\\/\",\"name\":\"FirstLight soutient - FirstLight\",\"isPartOf\":{\"@id\":\"https:\\\/\\\/firstlight.energy\\\/fr_ca\\\/#website\"},\"primaryImageOfPage\":{\"@id\":\"https:\\\/\\\/firstlight.energy\\\/fr_ca\\\/purpose\\\/firstlight-sustains\\\/#primaryimage\"},\"image\":{\"@id\":\"https:\\\/\\\/firstlight.energy\\\/fr_ca\\\/purpose\\\/firstlight-sustains\\\/#primaryimage\"},\"thumbnailUrl\":\"https:\\\/\\\/firstlight.energy\\\/wp-content\\\/uploads\\\/2023\\\/10\\\/home-2-1024x768.jpg\",\"datePublished\":\"2023-11-28T00:13:58+00:00\",\"dateModified\":\"2026-04-05T05:16:10+00:00\",\"breadcrumb\":{\"@id\":\"https:\\\/\\\/firstlight.energy\\\/fr_ca\\\/purpose\\\/firstlight-sustains\\\/#breadcrumb\"},\"inLanguage\":\"fr-CA\",\"potentialAction\":[{\"@type\":\"ReadAction\",\"target\":[\"https:\\\/\\\/firstlight.energy\\\/fr_ca\\\/purpose\\\/firstlight-sustains\\\/\"]}]},{\"@type\":\"ImageObject\",\"inLanguage\":\"fr-CA\",\"@id\":\"https:\\\/\\\/firstlight.energy\\\/fr_ca\\\/purpose\\\/firstlight-sustains\\\/#primaryimage\",\"url\":\"https:\\\/\\\/firstlight.energy\\\/wp-content\\\/uploads\\\/2023\\\/10\\\/home-2-1024x768.jpg\",\"contentUrl\":\"https:\\\/\\\/firstlight.energy\\\/wp-content\\\/uploads\\\/2023\\\/10\\\/home-2-1024x768.jpg\"},{\"@type\":\"BreadcrumbList\",\"@id\":\"https:\\\/\\\/firstlight.energy\\\/fr_ca\\\/purpose\\\/firstlight-sustains\\\/#breadcrumb\",\"itemListElement\":[{\"@type\":\"ListItem\",\"position\":1,\"name\":\"Home\",\"item\":\"https:\\\/\\\/firstlight.energy\\\/fr_ca\\\/\"},{\"@type\":\"ListItem\",\"position\":2,\"name\":\"But\",\"item\":\"https:\\\/\\\/firstlight.energy\\\/fr_ca\\\/purpose\\\/\"},{\"@type\":\"ListItem\",\"position\":3,\"name\":\"FirstLight soutient\"}]},{\"@type\":\"WebSite\",\"@id\":\"https:\\\/\\\/firstlight.energy\\\/fr_ca\\\/#website\",\"url\":\"https:\\\/\\\/firstlight.energy\\\/fr_ca\\\/\",\"name\":\"FirstLight\",\"description\":\"\",\"publisher\":{\"@id\":\"https:\\\/\\\/firstlight.energy\\\/fr_ca\\\/#organization\"},\"potentialAction\":[{\"@type\":\"SearchAction\",\"target\":{\"@type\":\"EntryPoint\",\"urlTemplate\":\"https:\\\/\\\/firstlight.energy\\\/fr_ca\\\/?s={search_term_string}\"},\"query-input\":{\"@type\":\"PropertyValueSpecification\",\"valueRequired\":true,\"valueName\":\"search_term_string\"}}],\"inLanguage\":\"fr-CA\"},{\"@type\":\"Organization\",\"@id\":\"https:\\\/\\\/firstlight.energy\\\/fr_ca\\\/#organization\",\"name\":\"FirstLight\",\"url\":\"https:\\\/\\\/firstlight.energy\\\/fr_ca\\\/\",\"logo\":{\"@type\":\"ImageObject\",\"inLanguage\":\"fr-CA\",\"@id\":\"https:\\\/\\\/firstlight.energy\\\/fr_ca\\\/#\\\/schema\\\/logo\\\/image\\\/\",\"url\":\"https:\\\/\\\/firstlight.energy\\\/wp-content\\\/uploads\\\/2019\\\/04\\\/cropped-FirstLight-Logo-5Mar2019-Blue-1.png\",\"contentUrl\":\"https:\\\/\\\/firstlight.energy\\\/wp-content\\\/uploads\\\/2019\\\/04\\\/cropped-FirstLight-Logo-5Mar2019-Blue-1.png\",\"width\":336,\"height\":81,\"caption\":\"FirstLight\"},\"image\":{\"@id\":\"https:\\\/\\\/firstlight.energy\\\/fr_ca\\\/#\\\/schema\\\/logo\\\/image\\\/\"}}]}<\/script>\n<!-- \/ Yoast SEO plugin. -->","yoast_head_json":{"title":"FirstLight soutient - FirstLight","robots":{"index":"index","follow":"follow","max-snippet":"max-snippet:-1","max-image-preview":"max-image-preview:large","max-video-preview":"max-video-preview:-1"},"canonical":"https:\/\/firstlight.energy\/fr_ca\/purpose\/firstlight-sustains\/","og_locale":"fr_CA","og_type":"article","og_title":"FirstLight soutient - FirstLight","og_description":"Le programme de subventions soutient et habilite les organisations locales qui favorisent le d\u00e9veloppement communautaire et la durabilit\u00e9. Il offre un processus \u00e9quitable par lequel les organisations qualifi\u00e9es, r\u00e9put\u00e9es et comp\u00e9tentes peuvent demander et recevoir un financement pour des activit\u00e9s et des projets qui r\u00e9pondent \u00e0 l\u2019objectif d\u2019am\u00e9liorer la qualit\u00e9 de vie dans ces communaut\u00e9s.\u2026","og_url":"https:\/\/firstlight.energy\/fr_ca\/purpose\/firstlight-sustains\/","og_site_name":"FirstLight","article_modified_time":"2026-04-05T05:16:10+00:00","og_image":[{"width":2560,"height":1920,"url":"https:\/\/firstlight.energy\/wp-content\/uploads\/2024\/02\/FirstLight-Sustains-scaled.jpg","type":"image\/jpeg"}],"twitter_card":"summary_large_image","twitter_misc":{"Estimation du temps de lecture":"2 minutes"},"schema":{"@context":"https:\/\/schema.org","@graph":[{"@type":"WebPage","@id":"https:\/\/firstlight.energy\/fr_ca\/purpose\/firstlight-sustains\/","url":"https:\/\/firstlight.energy\/fr_ca\/purpose\/firstlight-sustains\/","name":"FirstLight soutient - FirstLight","isPartOf":{"@id":"https:\/\/firstlight.energy\/fr_ca\/#website"},"primaryImageOfPage":{"@id":"https:\/\/firstlight.energy\/fr_ca\/purpose\/firstlight-sustains\/#primaryimage"},"image":{"@id":"https:\/\/firstlight.energy\/fr_ca\/purpose\/firstlight-sustains\/#primaryimage"},"thumbnailUrl":"https:\/\/firstlight.energy\/wp-content\/uploads\/2023\/10\/home-2-1024x768.jpg","datePublished":"2023-11-28T00:13:58+00:00","dateModified":"2026-04-05T05:16:10+00:00","breadcrumb":{"@id":"https:\/\/firstlight.energy\/fr_ca\/purpose\/firstlight-sustains\/#breadcrumb"},"inLanguage":"fr-CA","potentialAction":[{"@type":"ReadAction","target":["https:\/\/firstlight.energy\/fr_ca\/purpose\/firstlight-sustains\/"]}]},{"@type":"ImageObject","inLanguage":"fr-CA","@id":"https:\/\/firstlight.energy\/fr_ca\/purpose\/firstlight-sustains\/#primaryimage","url":"https:\/\/firstlight.energy\/wp-content\/uploads\/2023\/10\/home-2-1024x768.jpg","contentUrl":"https:\/\/firstlight.energy\/wp-content\/uploads\/2023\/10\/home-2-1024x768.jpg"},{"@type":"BreadcrumbList","@id":"https:\/\/firstlight.energy\/fr_ca\/purpose\/firstlight-sustains\/#breadcrumb","itemListElement":[{"@type":"ListItem","position":1,"name":"Home","item":"https:\/\/firstlight.energy\/fr_ca\/"},{"@type":"ListItem","position":2,"name":"But","item":"https:\/\/firstlight.energy\/fr_ca\/purpose\/"},{"@type":"ListItem","position":3,"name":"FirstLight soutient"}]},{"@type":"WebSite","@id":"https:\/\/firstlight.energy\/fr_ca\/#website","url":"https:\/\/firstlight.energy\/fr_ca\/","name":"FirstLight","description":"","publisher":{"@id":"https:\/\/firstlight.energy\/fr_ca\/#organization"},"potentialAction":[{"@type":"SearchAction","target":{"@type":"EntryPoint","urlTemplate":"https:\/\/firstlight.energy\/fr_ca\/?s={search_term_string}"},"query-input":{"@type":"PropertyValueSpecification","valueRequired":true,"valueName":"search_term_string"}}],"inLanguage":"fr-CA"},{"@type":"Organization","@id":"https:\/\/firstlight.energy\/fr_ca\/#organization","name":"FirstLight","url":"https:\/\/firstlight.energy\/fr_ca\/","logo":{"@type":"ImageObject","inLanguage":"fr-CA","@id":"https:\/\/firstlight.energy\/fr_ca\/#\/schema\/logo\/image\/","url":"https:\/\/firstlight.energy\/wp-content\/uploads\/2019\/04\/cropped-FirstLight-Logo-5Mar2019-Blue-1.png","contentUrl":"https:\/\/firstlight.energy\/wp-content\/uploads\/2019\/04\/cropped-FirstLight-Logo-5Mar2019-Blue-1.png","width":336,"height":81,"caption":"FirstLight"},"image":{"@id":"https:\/\/firstlight.energy\/fr_ca\/#\/schema\/logo\/image\/"}}]}},"_links":{"self":[{"href":"https:\/\/firstlight.energy\/fr_ca\/wp-json\/wp\/v2\/pages\/5034","targetHints":{"allow":["GET"]}}],"collection":[{"href":"https:\/\/firstlight.energy\/fr_ca\/wp-json\/wp\/v2\/pages"}],"about":[{"href":"https:\/\/firstlight.energy\/fr_ca\/wp-json\/wp\/v2\/types\/page"}],"author":[{"embeddable":true,"href":"https:\/\/firstlight.energy\/fr_ca\/wp-json\/wp\/v2\/users\/18"}],"replies":[{"embeddable":true,"href":"https:\/\/firstlight.energy\/fr_ca\/wp-json\/wp\/v2\/comments?post=5034"}],"version-history":[{"count":4695,"href":"https:\/\/firstlight.energy\/fr_ca\/wp-json\/wp\/v2\/pages\/5034\/revisions"}],"predecessor-version":[{"id":194257,"href":"https:\/\/firstlight.energy\/fr_ca\/wp-json\/wp\/v2\/pages\/5034\/revisions\/194257"}],"up":[{"embeddable":true,"href":"https:\/\/firstlight.energy\/fr_ca\/wp-json\/wp\/v2\/pages\/4817"}],"wp:attachment":[{"href":"https:\/\/firstlight.energy\/fr_ca\/wp-json\/wp\/v2\/media?parent=5034"}],"curies":[{"name":"wp","href":"https:\/\/api.w.org\/{rel}","templated":true}]}}